{"id":17,"date":"2025-04-17T11:59:14","date_gmt":"2025-04-17T09:59:14","guid":{"rendered":"https:\/\/atelierduchatorange.com\/?page_id=17"},"modified":"2025-05-04T11:06:39","modified_gmt":"2025-05-04T09:06:39","slug":"contact","status":"publish","type":"page","link":"https:\/\/atelierduchatorange.com\/index.php\/contact\/","title":{"rendered":"Contact"},"content":{"rendered":"<p>[et_pb_section fb_built=&#8221;1&#8243; admin_label=&#8221;Header&#8221; _builder_version=&#8221;4.27.4&#8243; _module_preset=&#8221;default&#8221; custom_padding=&#8221;0px||0px||true|false&#8221; locked=&#8221;off&#8221; collapsed=&#8221;on&#8221; global_colors_info=&#8221;{}&#8221;][et_pb_row column_structure=&#8221;1_2,1_2&#8243; use_custom_gutter=&#8221;on&#8221; gutter_width=&#8221;1&#8243; make_equal=&#8221;on&#8221; _builder_version=&#8221;4.27.4&#8243; _module_preset=&#8221;default&#8221; width=&#8221;100%&#8221; max_width=&#8221;none&#8221; custom_padding=&#8221;0px||0px||true|false&#8221; global_colors_info=&#8221;{}&#8221;][et_pb_column type=&#8221;1_2&#8243; _builder_version=&#8221;4.27.4&#8243; _module_preset=&#8221;default&#8221; background_color=&#8221;gcid-4c714123-6778-41b0-aab7-281c46a9e746&#8243; custom_padding=&#8221;4%|60px|4%|10%|true|false&#8221; custom_padding_tablet=&#8221;|10%||10%|false|false&#8221; custom_padding_phone=&#8221;|10%||10%|false|false&#8221; custom_padding_last_edited=&#8221;on|desktop&#8221; global_colors_info=&#8221;{%22gcid-4c714123-6778-41b0-aab7-281c46a9e746%22:%91%22background_color%22%93}&#8221;][et_pb_heading title=&#8221;Contactez nous&#8221; _builder_version=&#8221;4.27.4&#8243; _module_preset=&#8221;c5613c1c-cbbb-420d-a302-3f984a0a91d6&#8243; global_colors_info=&#8221;{}&#8221;][\/et_pb_heading][et_pb_text _builder_version=&#8221;4.27.4&#8243; _module_preset=&#8221;ee74b8a3-2d3d-4e93-90db-19dcb70dc186&#8243; custom_margin=&#8221;||30px||false|false&#8221; global_colors_info=&#8221;{}&#8221;]Laissez nous un petit message avec vos coordonn\u00e9es et nous vous recontacterons au plus vite.<br \/>\nSinon n&#8217;h\u00e9sitez pas \u00e0 nous appeler.[\/et_pb_text][et_pb_blurb use_icon=&#8221;on&#8221; font_icon=&#8221;&#xf879;||fa||900&#8243; icon_color=&#8221;gcid-secondary-color&#8221; image_icon_width=&#8221;16px&#8221; _builder_version=&#8221;4.27.4&#8243; _module_preset=&#8221;b1a486fa-951f-4df2-957f-81fb8ab38085&#8243; body_link_text_color=&#8221;gcid-body-color&#8221; image_icon_custom_margin=&#8221;6px||||false|false&#8221; custom_margin=&#8221;||10px||false|false&#8221; global_colors_info=&#8221;{%22gcid-primary-color%22:%91%22body_quote_text_color%22,%22body_quote_text_color%22%93,%22gcid-body-color%22:%91%22body_link_text_color%22%93,%22gcid-secondary-color%22:%91%22icon_color%22%93}&#8221;]<\/p>\n<p>(+33) 07 83 31 06 99<\/p>\n<p>[\/et_pb_blurb][et_pb_blurb use_icon=&#8221;on&#8221; font_icon=&#8221;&#xf0e0;||fa||900&#8243; icon_color=&#8221;gcid-secondary-color&#8221; image_icon_width=&#8221;16px&#8221; _builder_version=&#8221;4.27.4&#8243; _module_preset=&#8221;b1a486fa-951f-4df2-957f-81fb8ab38085&#8243; body_link_text_color=&#8221;gcid-body-color&#8221; image_icon_custom_margin=&#8221;6px||||false|false&#8221; custom_margin=&#8221;||10px||false|false&#8221; global_colors_info=&#8221;{%22gcid-primary-color%22:%91%22body_quote_text_color%22,%22body_quote_text_color%22,%22body_quote_text_color%22,%22body_quote_text_color%22,%22body_quote_text_color%22%93,%22gcid-body-color%22:%91%22body_link_text_color%22,%22icon_color%22,%22body_link_text_color%22%93,%22gcid-secondary-color%22:%91%22icon_color%22%93}&#8221;]<a href=\"mailto:#\">info@atelierduchatorange.com<\/a>[\/et_pb_blurb][et_pb_blurb use_icon=&#8221;on&#8221; font_icon=&#8221;&#xf124;||fa||900&#8243; icon_color=&#8221;gcid-secondary-color&#8221; image_icon_width=&#8221;16px&#8221; _builder_version=&#8221;4.27.4&#8243; _module_preset=&#8221;b1a486fa-951f-4df2-957f-81fb8ab38085&#8243; body_link_text_color=&#8221;gcid-body-color&#8221; image_icon_custom_margin=&#8221;6px||||false|false&#8221; custom_margin=&#8221;||10px||false|false&#8221; global_colors_info=&#8221;{%22gcid-primary-color%22:%91%22body_quote_text_color%22,%22body_quote_text_color%22,%22body_quote_text_color%22,%22body_quote_text_color%22,%22body_quote_text_color%22%93,%22gcid-body-color%22:%91%22body_link_text_color%22,%22icon_color%22,%22body_link_text_color%22%93,%22gcid-secondary-color%22:%91%22icon_color%22%93}&#8221;]71250 Blanot[\/et_pb_blurb][et_pb_contact_form captcha=&#8221;off&#8221; email=&#8221;info@atelierduchatorange.com&#8221; success_message=&#8221;Merci pour votre message&#8221; _builder_version=&#8221;4.27.4&#8243; _module_preset=&#8221;cc8ee2f4-ce4f-4452-b7e3-ab5ee5764a44&#8243; _unique_id=&#8221;0d80b33b-b600-4ffa-87fb-c8641443149a&#8221; button_icon=&#8221;&#xf101;||fa||900&#8243; global_colors_info=&#8221;{}&#8221; button_border_radius__hover_enabled=&#8221;on|desktop&#8221; button_border_radius__hover=&#8221;20px&#8221;][et_pb_contact_field field_id=&#8221;Name&#8221; field_title=&#8221;Nom&#8221; _builder_version=&#8221;4.27.4&#8243; global_colors_info=&#8221;{}&#8221; button_text_size__hover_enabled=&#8221;off&#8221; button_one_text_size__hover_enabled=&#8221;off&#8221; button_two_text_size__hover_enabled=&#8221;off&#8221; button_text_color__hover_enabled=&#8221;off&#8221; button_one_text_color__hover_enabled=&#8221;off&#8221; button_two_text_color__hover_enabled=&#8221;off&#8221; button_border_width__hover_enabled=&#8221;off&#8221; button_one_border_width__hover_enabled=&#8221;off&#8221; button_two_border_width__hover_enabled=&#8221;off&#8221; button_border_color__hover_enabled=&#8221;off&#8221; button_one_border_color__hover_enabled=&#8221;off&#8221; button_two_border_color__hover_enabled=&#8221;off&#8221; button_border_radius__hover_enabled=&#8221;off&#8221; button_one_border_radius__hover_enabled=&#8221;off&#8221; button_two_border_radius__hover_enabled=&#8221;off&#8221; button_letter_spacing__hover_enabled=&#8221;off&#8221; button_one_letter_spacing__hover_enabled=&#8221;off&#8221; button_two_letter_spacing__hover_enabled=&#8221;off&#8221; button_bg_color__hover_enabled=&#8221;off&#8221; button_one_bg_color__hover_enabled=&#8221;off&#8221; button_two_bg_color__hover_enabled=&#8221;off&#8221;][\/et_pb_contact_field][et_pb_contact_field field_id=&#8221;Email&#8221; field_title=&#8221;Email&#8221; field_type=&#8221;email&#8221; _builder_version=&#8221;4.27.4&#8243; global_colors_info=&#8221;{}&#8221; button_text_size__hover_enabled=&#8221;off&#8221; button_one_text_size__hover_enabled=&#8221;off&#8221; button_two_text_size__hover_enabled=&#8221;off&#8221; button_text_color__hover_enabled=&#8221;off&#8221; button_one_text_color__hover_enabled=&#8221;off&#8221; button_two_text_color__hover_enabled=&#8221;off&#8221; button_border_width__hover_enabled=&#8221;off&#8221; button_one_border_width__hover_enabled=&#8221;off&#8221; button_two_border_width__hover_enabled=&#8221;off&#8221; button_border_color__hover_enabled=&#8221;off&#8221; button_one_border_color__hover_enabled=&#8221;off&#8221; button_two_border_color__hover_enabled=&#8221;off&#8221; button_border_radius__hover_enabled=&#8221;off&#8221; button_one_border_radius__hover_enabled=&#8221;off&#8221; button_two_border_radius__hover_enabled=&#8221;off&#8221; button_letter_spacing__hover_enabled=&#8221;off&#8221; button_one_letter_spacing__hover_enabled=&#8221;off&#8221; button_two_letter_spacing__hover_enabled=&#8221;off&#8221; button_bg_color__hover_enabled=&#8221;off&#8221; button_one_bg_color__hover_enabled=&#8221;off&#8221; button_two_bg_color__hover_enabled=&#8221;off&#8221;][\/et_pb_contact_field][et_pb_contact_field field_id=&#8221;Message&#8221; field_title=&#8221;Message&#8221; field_type=&#8221;text&#8221; fullwidth_field=&#8221;on&#8221; _builder_version=&#8221;4.16&#8243; global_colors_info=&#8221;{}&#8221; button_text_size__hover_enabled=&#8221;off&#8221; button_one_text_size__hover_enabled=&#8221;off&#8221; button_two_text_size__hover_enabled=&#8221;off&#8221; button_text_color__hover_enabled=&#8221;off&#8221; button_one_text_color__hover_enabled=&#8221;off&#8221; button_two_text_color__hover_enabled=&#8221;off&#8221; button_border_width__hover_enabled=&#8221;off&#8221; button_one_border_width__hover_enabled=&#8221;off&#8221; button_two_border_width__hover_enabled=&#8221;off&#8221; button_border_color__hover_enabled=&#8221;off&#8221; button_one_border_color__hover_enabled=&#8221;off&#8221; button_two_border_color__hover_enabled=&#8221;off&#8221; button_border_radius__hover_enabled=&#8221;off&#8221; button_one_border_radius__hover_enabled=&#8221;off&#8221; button_two_border_radius__hover_enabled=&#8221;off&#8221; button_letter_spacing__hover_enabled=&#8221;off&#8221; button_one_letter_spacing__hover_enabled=&#8221;off&#8221; button_two_letter_spacing__hover_enabled=&#8221;off&#8221; button_bg_color__hover_enabled=&#8221;off&#8221; button_one_bg_color__hover_enabled=&#8221;off&#8221; button_two_bg_color__hover_enabled=&#8221;off&#8221;][\/et_pb_contact_field][\/et_pb_contact_form][et_pb_social_media_follow _builder_version=&#8221;4.27.4&#8243; _module_preset=&#8221;default&#8221; global_colors_info=&#8221;{}&#8221; theme_builder_area=&#8221;post_content&#8221;][et_pb_social_media_follow_network social_network=&#8221;facebook&#8221; url=&#8221;https:\/\/www.facebook.com\/atelierduchatorange&#8221; icon_color=&#8221;#0C71C3&#8243; use_icon_font_size=&#8221;on&#8221; icon_font_size=&#8221;50px&#8221; _builder_version=&#8221;4.27.4&#8243; _module_preset=&#8221;default&#8221; background_color=&#8221;#3b5998&#8243; global_colors_info=&#8221;{}&#8221; theme_builder_area=&#8221;post_content&#8221; follow_button=&#8221;off&#8221; url_new_window=&#8221;on&#8221;]facebook[\/et_pb_social_media_follow_network][et_pb_social_media_follow_network social_network=&#8221;instagram&#8221; url=&#8221;https:\/\/www.instagram.com\/atelierduchatorange\/&#8221; icon_color=&#8221;#E09900&#8243; use_icon_font_size=&#8221;on&#8221; icon_font_size=&#8221;50px&#8221; _builder_version=&#8221;4.27.4&#8243; _module_preset=&#8221;default&#8221; background_color=&#8221;#ea2c59&#8243; global_colors_info=&#8221;{}&#8221; theme_builder_area=&#8221;post_content&#8221; follow_button=&#8221;off&#8221; url_new_window=&#8221;on&#8221;]instagram[\/et_pb_social_media_follow_network][et_pb_social_media_follow_network social_network=&#8221;houzz&#8221; url=&#8221;https:\/\/www.houzz.fr\/pro\/atelierduchatorange&#8221; icon_color=&#8221;#7CDA24&#8243; use_icon_font_size=&#8221;on&#8221; icon_font_size=&#8221;50px&#8221; _builder_version=&#8221;4.27.4&#8243; _module_preset=&#8221;default&#8221; background_color=&#8221;#7ac142&#8243; global_colors_info=&#8221;{}&#8221; theme_builder_area=&#8221;post_content&#8221; follow_button=&#8221;off&#8221; url_new_window=&#8221;on&#8221;]houzz[\/et_pb_social_media_follow_network][\/et_pb_social_media_follow][\/et_pb_column][et_pb_column type=&#8221;1_2&#8243; _builder_version=&#8221;4.27.4&#8243; _module_preset=&#8221;default&#8221; background_color=&#8221;gcid-728e935a-fa6c-466d-83a7-16a5f618cdbc&#8221; custom_padding=&#8221;0%|0%|0%|0%|true|true&#8221; global_colors_info=&#8221;{%22gcid-728e935a-fa6c-466d-83a7-16a5f618cdbc%22:%91%22background_color%22%93}&#8221;][et_pb_code _builder_version=&#8221;4.27.4&#8243; _module_preset=&#8221;default&#8221; global_colors_info=&#8221;{}&#8221;]<iframe src=\"https:\/\/www.google.com\/maps\/embed?pb=!1m18!1m12!1m3!1d87922.38375823591!2d4.695046261288589!3d46.47693571789598!2m3!1f0!2f0!3f0!3m2!1i1024!2i768!4f13.1!3m3!1m2!1s0x47f30c124e413c87%3A0x397d516ba87da2ef!2sAtelier%20du%20chat%20orange!5e0!3m2!1sfr!2sfr!4v1745409483490!5m2!1sfr!2sfr\" width=\"100%\" height=\"830\" style=\"border:0;\" allowfullscreen=\"\" loading=\"lazy\" referrerpolicy=\"no-referrer-when-downgrade\"><\/iframe>[\/et_pb_code][\/et_pb_column][\/et_pb_row][\/et_pb_section][et_pb_section fb_built=&#8221;1&#8243; _builder_version=&#8221;4.27.4&#8243; _module_preset=&#8221;default&#8221; custom_padding=&#8221;0px||0px||true|&#8221; global_colors_info=&#8221;{}&#8221;][et_pb_row _builder_version=&#8221;4.27.4&#8243; _module_preset=&#8221;default&#8221; width=&#8221;100%&#8221; max_width=&#8221;none&#8221; custom_padding=&#8221;0px||0px||true|&#8221; global_colors_info=&#8221;{}&#8221;][et_pb_column type=&#8221;4_4&#8243; _builder_version=&#8221;4.27.4&#8243; _module_preset=&#8221;default&#8221; global_colors_info=&#8221;{}&#8221;][et_pb_image src=&#8221;https:\/\/atelierduchatorange.com\/wp-content\/uploads\/2025\/04\/cabestan.png&#8221; title_text=&#8221;cabestan&#8221; force_fullwidth=&#8221;on&#8221; _builder_version=&#8221;4.27.4&#8243; _module_preset=&#8221;default&#8221; global_colors_info=&#8221;{}&#8221;][\/et_pb_image][\/et_pb_column][\/et_pb_row][\/et_pb_section]<\/p>\n","protected":false},"excerpt":{"rendered":"<p>Laissez nous un petit message avec vos coordonn\u00e9es et nous vous recontacterons au plus vite. Sinon n&#8217;h\u00e9sitez pas \u00e0 nous appeler.(+33) 07 83 31 06 99info@atelierduchatorange.com71250 Blanot<\/p>\n","protected":false},"author":1,"featured_media":0,"parent":0,"menu_order":0,"comment_status":"closed","ping_status":"closed","template":"","meta":{"_et_pb_use_builder":"on","_et_pb_old_content":"","_et_gb_content_width":"","footnotes":""},"class_list":["post-17","page","type-page","status-publish","hentry"],"yoast_head":"<!-- This site is optimized with the Yoast SEO plugin v24.9 - https:\/\/yoast.com\/wordpress\/plugins\/seo\/ -->\n<title>Contact - Atelier du chat orange<\/title>\n<meta name=\"robots\" content=\"index, follow, max-snippet:-1, max-image-preview:large, max-video-preview:-1\" \/>\n<link rel=\"canonical\" href=\"https:\/\/atelierduchatorange.com\/index.php\/contact\/\" \/>\n<meta property=\"og:locale\" content=\"en_US\" \/>\n<meta property=\"og:type\" content=\"article\" \/>\n<meta property=\"og:title\" content=\"Contact - Atelier du chat orange\" \/>\n<meta property=\"og:description\" content=\"Laissez nous un petit message avec vos coordonn\u00e9es et nous vous recontacterons au plus vite. Sinon n&#039;h\u00e9sitez pas \u00e0 nous appeler.(+33) 07 83 31 06 99info@atelierduchatorange.com71250 Blanot\" \/>\n<meta property=\"og:url\" content=\"https:\/\/atelierduchatorange.com\/index.php\/contact\/\" \/>\n<meta property=\"og:site_name\" content=\"Atelier du chat orange\" \/>\n<meta property=\"article:publisher\" content=\"https:\/\/www.facebook.com\/atelierduchatorange\" \/>\n<meta property=\"article:modified_time\" content=\"2025-05-04T09:06:39+00:00\" \/>\n<meta property=\"og:image\" content=\"https:\/\/atelierduchatorange.com\/wp-content\/uploads\/2025\/04\/cropped-logo.png\" \/>\n\t<meta property=\"og:image:width\" content=\"512\" \/>\n\t<meta property=\"og:image:height\" content=\"512\" \/>\n\t<meta property=\"og:image:type\" content=\"image\/png\" \/>\n<meta name=\"twitter:card\" content=\"summary_large_image\" \/>\n<meta name=\"twitter:label1\" content=\"Est. reading time\" \/>\n\t<meta name=\"twitter:data1\" content=\"7 minutes\" \/>\n<script type=\"application\/ld+json\" class=\"yoast-schema-graph\">{\"@context\":\"https:\/\/schema.org\",\"@graph\":[{\"@type\":\"WebPage\",\"@id\":\"https:\/\/atelierduchatorange.com\/index.php\/contact\/\",\"url\":\"https:\/\/atelierduchatorange.com\/index.php\/contact\/\",\"name\":\"Contact - Atelier du chat orange\",\"isPartOf\":{\"@id\":\"https:\/\/atelierduchatorange.com\/#website\"},\"datePublished\":\"2025-04-17T09:59:14+00:00\",\"dateModified\":\"2025-05-04T09:06:39+00:00\",\"breadcrumb\":{\"@id\":\"https:\/\/atelierduchatorange.com\/index.php\/contact\/#breadcrumb\"},\"inLanguage\":\"en-US\",\"potentialAction\":[{\"@type\":\"ReadAction\",\"target\":[\"https:\/\/atelierduchatorange.com\/index.php\/contact\/\"]}]},{\"@type\":\"BreadcrumbList\",\"@id\":\"https:\/\/atelierduchatorange.com\/index.php\/contact\/#breadcrumb\",\"itemListElement\":[{\"@type\":\"ListItem\",\"position\":1,\"name\":\"Home\",\"item\":\"https:\/\/atelierduchatorange.com\/\"},{\"@type\":\"ListItem\",\"position\":2,\"name\":\"Contact\"}]},{\"@type\":\"WebSite\",\"@id\":\"https:\/\/atelierduchatorange.com\/#website\",\"url\":\"https:\/\/atelierduchatorange.com\/\",\"name\":\"Atelier du chat orange\",\"description\":\"L&#039;Atelier du chat orange pratique le savoir-faire artisanal du peintre en d\u00e9cor. Il travaille pour des clients d\u00e9sireux que soient ex\u00e9cut\u00e9s sur mesure des ouvrages de hautes qualit\u00e9s techniques, esth\u00e9tiques et \u00e9cologiques.\",\"publisher\":{\"@id\":\"https:\/\/atelierduchatorange.com\/#organization\"},\"alternateName\":\"Atelier de peintre en d\u00e9cor\",\"potentialAction\":[{\"@type\":\"SearchAction\",\"target\":{\"@type\":\"EntryPoint\",\"urlTemplate\":\"https:\/\/atelierduchatorange.com\/?s={search_term_string}\"},\"query-input\":{\"@type\":\"PropertyValueSpecification\",\"valueRequired\":true,\"valueName\":\"search_term_string\"}}],\"inLanguage\":\"en-US\"},{\"@type\":\"Organization\",\"@id\":\"https:\/\/atelierduchatorange.com\/#organization\",\"name\":\"Atelier du chat orange | Cabestan\",\"url\":\"https:\/\/atelierduchatorange.com\/\",\"logo\":{\"@type\":\"ImageObject\",\"inLanguage\":\"en-US\",\"@id\":\"https:\/\/atelierduchatorange.com\/#\/schema\/logo\/image\/\",\"url\":\"https:\/\/atelierduchatorange.com\/wp-content\/uploads\/2025\/04\/cropped-logo.png\",\"contentUrl\":\"https:\/\/atelierduchatorange.com\/wp-content\/uploads\/2025\/04\/cropped-logo.png\",\"width\":512,\"height\":512,\"caption\":\"Atelier du chat orange | Cabestan\"},\"image\":{\"@id\":\"https:\/\/atelierduchatorange.com\/#\/schema\/logo\/image\/\"},\"sameAs\":[\"https:\/\/www.facebook.com\/atelierduchatorange\",\"http:\/\/instagram.com\/atelierduchatorange\/\"]}]}<\/script>\n<!-- \/ Yoast SEO plugin. -->","yoast_head_json":{"title":"Contact - Atelier du chat orange","robots":{"index":"index","follow":"follow","max-snippet":"max-snippet:-1","max-image-preview":"max-image-preview:large","max-video-preview":"max-video-preview:-1"},"canonical":"https:\/\/atelierduchatorange.com\/index.php\/contact\/","og_locale":"en_US","og_type":"article","og_title":"Contact - Atelier du chat orange","og_description":"Laissez nous un petit message avec vos coordonn\u00e9es et nous vous recontacterons au plus vite. Sinon n'h\u00e9sitez pas \u00e0 nous appeler.(+33) 07 83 31 06 99info@atelierduchatorange.com71250 Blanot","og_url":"https:\/\/atelierduchatorange.com\/index.php\/contact\/","og_site_name":"Atelier du chat orange","article_publisher":"https:\/\/www.facebook.com\/atelierduchatorange","article_modified_time":"2025-05-04T09:06:39+00:00","og_image":[{"width":512,"height":512,"url":"https:\/\/atelierduchatorange.com\/wp-content\/uploads\/2025\/04\/cropped-logo.png","type":"image\/png"}],"twitter_card":"summary_large_image","twitter_misc":{"Est. reading time":"7 minutes"},"schema":{"@context":"https:\/\/schema.org","@graph":[{"@type":"WebPage","@id":"https:\/\/atelierduchatorange.com\/index.php\/contact\/","url":"https:\/\/atelierduchatorange.com\/index.php\/contact\/","name":"Contact - Atelier du chat orange","isPartOf":{"@id":"https:\/\/atelierduchatorange.com\/#website"},"datePublished":"2025-04-17T09:59:14+00:00","dateModified":"2025-05-04T09:06:39+00:00","breadcrumb":{"@id":"https:\/\/atelierduchatorange.com\/index.php\/contact\/#breadcrumb"},"inLanguage":"en-US","potentialAction":[{"@type":"ReadAction","target":["https:\/\/atelierduchatorange.com\/index.php\/contact\/"]}]},{"@type":"BreadcrumbList","@id":"https:\/\/atelierduchatorange.com\/index.php\/contact\/#breadcrumb","itemListElement":[{"@type":"ListItem","position":1,"name":"Home","item":"https:\/\/atelierduchatorange.com\/"},{"@type":"ListItem","position":2,"name":"Contact"}]},{"@type":"WebSite","@id":"https:\/\/atelierduchatorange.com\/#website","url":"https:\/\/atelierduchatorange.com\/","name":"Atelier du chat orange","description":"L&#039;Atelier du chat orange pratique le savoir-faire artisanal du peintre en d\u00e9cor. Il travaille pour des clients d\u00e9sireux que soient ex\u00e9cut\u00e9s sur mesure des ouvrages de hautes qualit\u00e9s techniques, esth\u00e9tiques et \u00e9cologiques.","publisher":{"@id":"https:\/\/atelierduchatorange.com\/#organization"},"alternateName":"Atelier de peintre en d\u00e9cor","potentialAction":[{"@type":"SearchAction","target":{"@type":"EntryPoint","urlTemplate":"https:\/\/atelierduchatorange.com\/?s={search_term_string}"},"query-input":{"@type":"PropertyValueSpecification","valueRequired":true,"valueName":"search_term_string"}}],"inLanguage":"en-US"},{"@type":"Organization","@id":"https:\/\/atelierduchatorange.com\/#organization","name":"Atelier du chat orange | Cabestan","url":"https:\/\/atelierduchatorange.com\/","logo":{"@type":"ImageObject","inLanguage":"en-US","@id":"https:\/\/atelierduchatorange.com\/#\/schema\/logo\/image\/","url":"https:\/\/atelierduchatorange.com\/wp-content\/uploads\/2025\/04\/cropped-logo.png","contentUrl":"https:\/\/atelierduchatorange.com\/wp-content\/uploads\/2025\/04\/cropped-logo.png","width":512,"height":512,"caption":"Atelier du chat orange | Cabestan"},"image":{"@id":"https:\/\/atelierduchatorange.com\/#\/schema\/logo\/image\/"},"sameAs":["https:\/\/www.facebook.com\/atelierduchatorange","http:\/\/instagram.com\/atelierduchatorange\/"]}]}},"_links":{"self":[{"href":"https:\/\/atelierduchatorange.com\/index.php\/wp-json\/wp\/v2\/pages\/17","targetHints":{"allow":["GET"]}}],"collection":[{"href":"https:\/\/atelierduchatorange.com\/index.php\/wp-json\/wp\/v2\/pages"}],"about":[{"href":"https:\/\/atelierduchatorange.com\/index.php\/wp-json\/wp\/v2\/types\/page"}],"author":[{"embeddable":true,"href":"https:\/\/atelierduchatorange.com\/index.php\/wp-json\/wp\/v2\/users\/1"}],"replies":[{"embeddable":true,"href":"https:\/\/atelierduchatorange.com\/index.php\/wp-json\/wp\/v2\/comments?post=17"}],"version-history":[{"count":8,"href":"https:\/\/atelierduchatorange.com\/index.php\/wp-json\/wp\/v2\/pages\/17\/revisions"}],"predecessor-version":[{"id":317,"href":"https:\/\/atelierduchatorange.com\/index.php\/wp-json\/wp\/v2\/pages\/17\/revisions\/317"}],"wp:attachment":[{"href":"https:\/\/atelierduchatorange.com\/index.php\/wp-json\/wp\/v2\/media?parent=17"}],"curies":[{"name":"wp","href":"https:\/\/api.w.org\/{rel}","templated":true}]}}