{"id":11,"date":"2025-04-17T11:59:14","date_gmt":"2025-04-17T09:59:14","guid":{"rendered":"https:\/\/atelierduchatorange.com\/?page_id=11"},"modified":"2025-04-23T18:22:15","modified_gmt":"2025-04-23T16:22:15","slug":"projects","status":"publish","type":"page","link":"https:\/\/atelierduchatorange.com\/index.php\/projects\/","title":{"rendered":"R\u00e9alisations"},"content":{"rendered":"<p>[et_pb_section fb_built=&#8221;1&#8243; admin_label=&#8221;Projects&#8221; _builder_version=&#8221;4.27.4&#8243; _module_preset=&#8221;8c80adff-efe3-430c-af87-6d59bed536ba&#8221; collapsed=&#8221;on&#8221; global_colors_info=&#8221;{}&#8221;][et_pb_row _builder_version=&#8221;4.27.4&#8243; _module_preset=&#8221;default&#8221; max_width=&#8221;700px&#8221; global_colors_info=&#8221;{}&#8221;][et_pb_column type=&#8221;4_4&#8243; _builder_version=&#8221;4.27.4&#8243; _module_preset=&#8221;default&#8221; global_colors_info=&#8221;{}&#8221;][et_pb_heading title=&#8221;Nos R\u00e9alisations&#8221; _builder_version=&#8221;4.27.4&#8243; _module_preset=&#8221;c5613c1c-cbbb-420d-a302-3f984a0a91d6&#8243; title_text_align=&#8221;center&#8221; global_colors_info=&#8221;{}&#8221;][\/et_pb_heading][et_pb_text _builder_version=&#8221;4.27.4&#8243; _module_preset=&#8221;ee74b8a3-2d3d-4e93-90db-19dcb70dc186&#8243; text_orientation=&#8221;center&#8221; global_colors_info=&#8221;{}&#8221;]Un petit coup d&#8217;oeil sur quelque une de nos r\u00e9alisation.[\/et_pb_text][\/et_pb_column][\/et_pb_row][et_pb_row _builder_version=&#8221;4.27.4&#8243; _module_preset=&#8221;default&#8221; global_colors_info=&#8221;{}&#8221;][et_pb_column type=&#8221;4_4&#8243; _builder_version=&#8221;4.27.4&#8243; _module_preset=&#8221;default&#8221; global_colors_info=&#8221;{}&#8221;][et_pb_filterable_portfolio posts_number=&#8221;20&#8243; include_categories=&#8221;20,6,8,10,21,11,9,5,7&#8243; show_categories=&#8221;off&#8221; hover_overlay_color=&#8221;rgba(255,255,255,0.27)&#8221; _builder_version=&#8221;4.27.4&#8243; _module_preset=&#8221;default&#8221; hover_enabled=&#8221;0&#8243; box_shadow_style_image=&#8221;preset3&#8243; global_colors_info=&#8221;{%22gcid-body-color%22:%91%22caption_text_color%22,%22caption_text_color%22,%22caption_text_color%22,%22caption_text_color%22%93}&#8221; sticky_enabled=&#8221;0&#8243;][\/et_pb_filterable_portfolio][\/et_pb_column][\/et_pb_row][\/et_pb_section][et_pb_section fb_built=&#8221;1&#8243; admin_label=&#8221;Call to Action&#8221; _builder_version=&#8221;4.27.4&#8243; _module_preset=&#8221;59eb9271-acb6-4bc9-bad3-b1ed18ab333a&#8221; background_image=&#8221;https:\/\/atelierduchatorange.com\/wp-content\/uploads\/2025\/04\/wabisabi.png&#8221; parallax=&#8221;on&#8221; custom_padding=&#8221;8vw||8vw||true|false&#8221; hover_enabled=&#8221;0&#8243; locked=&#8221;off&#8221; collapsed=&#8221;on&#8221; global_colors_info=&#8221;{}&#8221; title_text=&#8221;wabisabi&#8221; sticky_enabled=&#8221;0&#8243;][et_pb_row _builder_version=&#8221;4.27.4&#8243; _module_preset=&#8221;default&#8221; max_width=&#8221;700px&#8221; global_colors_info=&#8221;{}&#8221;][et_pb_column type=&#8221;4_4&#8243; _builder_version=&#8221;4.27.4&#8243; _module_preset=&#8221;default&#8221; global_colors_info=&#8221;{}&#8221;][et_pb_heading title=&#8221;Mettons en oeuvre vos envies&#8221; _builder_version=&#8221;4.27.4&#8243; _module_preset=&#8221;180c3bfd-b181-49d1-9baa-7fabb92e9fb2&#8243; title_text_align=&#8221;center&#8221; title_text_color=&#8221;#FFFFFF&#8221; hover_enabled=&#8221;0&#8243; global_colors_info=&#8221;{}&#8221; sticky_enabled=&#8221;0&#8243;][\/et_pb_heading][et_pb_heading title=&#8221;Transformez vos espaces en lieu de vie confortable et esth\u00e9tiques &#8221; _builder_version=&#8221;4.27.4&#8243; _module_preset=&#8221;1244ccd0-a81e-409c-81db-a0c838736b71&#8243; title_text_align=&#8221;center&#8221; title_text_color=&#8221;#FFFFFF&#8221; hover_enabled=&#8221;0&#8243; global_colors_info=&#8221;{}&#8221; sticky_enabled=&#8221;0&#8243;][\/et_pb_heading][et_pb_text _builder_version=&#8221;4.27.4&#8243; _module_preset=&#8221;6f25e013-5e39-4cfc-801b-5716cfe36ac6&#8243; text_orientation=&#8221;center&#8221; custom_margin=&#8221;||30px||false|false&#8221; hover_enabled=&#8221;0&#8243; global_colors_info=&#8221;{}&#8221; sticky_enabled=&#8221;0&#8243; header_text_align=&#8221;left&#8221;]<\/p>\n<p style=\"text-align: justify;\">Notre engagement concerne les domaines suivants :<\/p>\n<p style=\"text-align: justify;\">\n<ul>\n<li style=\"text-align: justify;\">Peinture et enduits d\u00e9coratifs pour l\u2019int\u00e9rieur et l\u2019ext\u00e9rieur<\/li>\n<li style=\"text-align: justify;\">Cr\u00e9ation de d\u00e9cors peints et de fresques originales<\/li>\n<li style=\"text-align: justify;\">Construction \u00e9cologique<\/li>\n<li style=\"text-align: justify;\">R\u00e9novation du b\u00e2ti ancien<\/li>\n<li style=\"text-align: justify;\">Patrimoine\u00a0 : restauration de d\u00e9cors muraux<\/li>\n<li style=\"text-align: justify;\">Correction thermique, acoustique et hygrom\u00e9trique<\/li>\n<li style=\"text-align: justify;\">Optimisation des luminosit\u00e9s<\/li>\n<\/ul>\n<p>[\/et_pb_text][et_pb_button button_text=&#8221;Consultation gratuite&#8221; button_alignment=&#8221;center&#8221; _builder_version=&#8221;4.27.4&#8243; _module_preset=&#8221;7766538a-eaac-447e-9f3b-579c38399cce&#8221; hover_enabled=&#8221;0&#8243; global_colors_info=&#8221;{}&#8221; button_url=&#8221;@ET-DC@eyJkeW5hbWljIjp0cnVlLCJjb250ZW50IjoicG9zdF9saW5rX3VybF9wYWdlIiwic2V0dGluZ3MiOnsicG9zdF9pZCI6IjE3In19@&#8221; _dynamic_attributes=&#8221;button_url&#8221; sticky_enabled=&#8221;0&#8243;][\/et_pb_button][\/et_pb_column][\/et_pb_row][\/et_pb_section]<\/p>\n","protected":false},"excerpt":{"rendered":"<p>Un petit coup d&#8217;oeil sur quelque une de nos r\u00e9alisation.Notre engagement concerne les domaines suivants : Peinture et enduits d\u00e9coratifs pour l\u2019int\u00e9rieur et l\u2019ext\u00e9rieur Cr\u00e9ation de d\u00e9cors peints et de fresques originales Construction \u00e9cologique R\u00e9novation du b\u00e2ti ancien Patrimoine\u00a0 : restauration de d\u00e9cors muraux Correction thermique, acoustique et hygrom\u00e9trique Optimisation des luminosit\u00e9s<\/p>\n","protected":false},"author":1,"featured_media":0,"parent":0,"menu_order":0,"comment_status":"closed","ping_status":"closed","template":"","meta":{"_et_pb_use_builder":"on","_et_pb_old_content":"","_et_gb_content_width":"","footnotes":""},"class_list":["post-11","page","type-page","status-publish","hentry"],"yoast_head":"<!-- This site is optimized with the Yoast SEO plugin v24.9 - https:\/\/yoast.com\/wordpress\/plugins\/seo\/ -->\n<title>R\u00e9alisations - Atelier du chat orange<\/title>\n<meta name=\"robots\" content=\"index, follow, max-snippet:-1, max-image-preview:large, max-video-preview:-1\" \/>\n<link rel=\"canonical\" href=\"https:\/\/atelierduchatorange.com\/index.php\/projects\/\" \/>\n<meta property=\"og:locale\" content=\"en_US\" \/>\n<meta property=\"og:type\" content=\"article\" \/>\n<meta property=\"og:title\" content=\"R\u00e9alisations - Atelier du chat orange\" \/>\n<meta property=\"og:description\" content=\"Un petit coup d&#039;oeil sur quelque une de nos r\u00e9alisation.Notre engagement concerne les domaines suivants : Peinture et enduits d\u00e9coratifs pour l\u2019int\u00e9rieur et l\u2019ext\u00e9rieur Cr\u00e9ation de d\u00e9cors peints et de fresques originales Construction \u00e9cologique R\u00e9novation du b\u00e2ti ancien Patrimoine\u00a0 : restauration de d\u00e9cors muraux Correction thermique, acoustique et hygrom\u00e9trique Optimisation des luminosit\u00e9s\" \/>\n<meta property=\"og:url\" content=\"https:\/\/atelierduchatorange.com\/index.php\/projects\/\" \/>\n<meta property=\"og:site_name\" content=\"Atelier du chat orange\" \/>\n<meta property=\"article:publisher\" content=\"https:\/\/www.facebook.com\/atelierduchatorange\" \/>\n<meta property=\"article:modified_time\" content=\"2025-04-23T16:22:15+00:00\" \/>\n<meta property=\"og:image\" content=\"https:\/\/atelierduchatorange.com\/wp-content\/uploads\/2025\/04\/cropped-logo.png\" \/>\n\t<meta property=\"og:image:width\" content=\"512\" \/>\n\t<meta property=\"og:image:height\" content=\"512\" \/>\n\t<meta property=\"og:image:type\" content=\"image\/png\" \/>\n<meta name=\"twitter:card\" content=\"summary_large_image\" \/>\n<meta name=\"twitter:label1\" content=\"Est. reading time\" \/>\n\t<meta name=\"twitter:data1\" content=\"1 minute\" \/>\n<script type=\"application\/ld+json\" class=\"yoast-schema-graph\">{\"@context\":\"https:\/\/schema.org\",\"@graph\":[{\"@type\":\"WebPage\",\"@id\":\"https:\/\/atelierduchatorange.com\/index.php\/projects\/\",\"url\":\"https:\/\/atelierduchatorange.com\/index.php\/projects\/\",\"name\":\"R\u00e9alisations - Atelier du chat orange\",\"isPartOf\":{\"@id\":\"https:\/\/atelierduchatorange.com\/#website\"},\"datePublished\":\"2025-04-17T09:59:14+00:00\",\"dateModified\":\"2025-04-23T16:22:15+00:00\",\"breadcrumb\":{\"@id\":\"https:\/\/atelierduchatorange.com\/index.php\/projects\/#breadcrumb\"},\"inLanguage\":\"en-US\",\"potentialAction\":[{\"@type\":\"ReadAction\",\"target\":[\"https:\/\/atelierduchatorange.com\/index.php\/projects\/\"]}]},{\"@type\":\"BreadcrumbList\",\"@id\":\"https:\/\/atelierduchatorange.com\/index.php\/projects\/#breadcrumb\",\"itemListElement\":[{\"@type\":\"ListItem\",\"position\":1,\"name\":\"Home\",\"item\":\"https:\/\/atelierduchatorange.com\/\"},{\"@type\":\"ListItem\",\"position\":2,\"name\":\"R\u00e9alisations\"}]},{\"@type\":\"WebSite\",\"@id\":\"https:\/\/atelierduchatorange.com\/#website\",\"url\":\"https:\/\/atelierduchatorange.com\/\",\"name\":\"Atelier du chat orange\",\"description\":\"L&#039;Atelier du chat orange pratique le savoir-faire artisanal du peintre en d\u00e9cor. Il travaille pour des clients d\u00e9sireux que soient ex\u00e9cut\u00e9s sur mesure des ouvrages de hautes qualit\u00e9s techniques, esth\u00e9tiques et \u00e9cologiques.\",\"publisher\":{\"@id\":\"https:\/\/atelierduchatorange.com\/#organization\"},\"alternateName\":\"Atelier de peintre en d\u00e9cor\",\"potentialAction\":[{\"@type\":\"SearchAction\",\"target\":{\"@type\":\"EntryPoint\",\"urlTemplate\":\"https:\/\/atelierduchatorange.com\/?s={search_term_string}\"},\"query-input\":{\"@type\":\"PropertyValueSpecification\",\"valueRequired\":true,\"valueName\":\"search_term_string\"}}],\"inLanguage\":\"en-US\"},{\"@type\":\"Organization\",\"@id\":\"https:\/\/atelierduchatorange.com\/#organization\",\"name\":\"Atelier du chat orange | Cabestan\",\"url\":\"https:\/\/atelierduchatorange.com\/\",\"logo\":{\"@type\":\"ImageObject\",\"inLanguage\":\"en-US\",\"@id\":\"https:\/\/atelierduchatorange.com\/#\/schema\/logo\/image\/\",\"url\":\"https:\/\/atelierduchatorange.com\/wp-content\/uploads\/2025\/04\/cropped-logo.png\",\"contentUrl\":\"https:\/\/atelierduchatorange.com\/wp-content\/uploads\/2025\/04\/cropped-logo.png\",\"width\":512,\"height\":512,\"caption\":\"Atelier du chat orange | Cabestan\"},\"image\":{\"@id\":\"https:\/\/atelierduchatorange.com\/#\/schema\/logo\/image\/\"},\"sameAs\":[\"https:\/\/www.facebook.com\/atelierduchatorange\",\"http:\/\/instagram.com\/atelierduchatorange\/\"]}]}<\/script>\n<!-- \/ Yoast SEO plugin. -->","yoast_head_json":{"title":"R\u00e9alisations - Atelier du chat orange","robots":{"index":"index","follow":"follow","max-snippet":"max-snippet:-1","max-image-preview":"max-image-preview:large","max-video-preview":"max-video-preview:-1"},"canonical":"https:\/\/atelierduchatorange.com\/index.php\/projects\/","og_locale":"en_US","og_type":"article","og_title":"R\u00e9alisations - Atelier du chat orange","og_description":"Un petit coup d'oeil sur quelque une de nos r\u00e9alisation.Notre engagement concerne les domaines suivants : Peinture et enduits d\u00e9coratifs pour l\u2019int\u00e9rieur et l\u2019ext\u00e9rieur Cr\u00e9ation de d\u00e9cors peints et de fresques originales Construction \u00e9cologique R\u00e9novation du b\u00e2ti ancien Patrimoine\u00a0 : restauration de d\u00e9cors muraux Correction thermique, acoustique et hygrom\u00e9trique Optimisation des luminosit\u00e9s","og_url":"https:\/\/atelierduchatorange.com\/index.php\/projects\/","og_site_name":"Atelier du chat orange","article_publisher":"https:\/\/www.facebook.com\/atelierduchatorange","article_modified_time":"2025-04-23T16:22:15+00:00","og_image":[{"width":512,"height":512,"url":"https:\/\/atelierduchatorange.com\/wp-content\/uploads\/2025\/04\/cropped-logo.png","type":"image\/png"}],"twitter_card":"summary_large_image","twitter_misc":{"Est. reading time":"1 minute"},"schema":{"@context":"https:\/\/schema.org","@graph":[{"@type":"WebPage","@id":"https:\/\/atelierduchatorange.com\/index.php\/projects\/","url":"https:\/\/atelierduchatorange.com\/index.php\/projects\/","name":"R\u00e9alisations - Atelier du chat orange","isPartOf":{"@id":"https:\/\/atelierduchatorange.com\/#website"},"datePublished":"2025-04-17T09:59:14+00:00","dateModified":"2025-04-23T16:22:15+00:00","breadcrumb":{"@id":"https:\/\/atelierduchatorange.com\/index.php\/projects\/#breadcrumb"},"inLanguage":"en-US","potentialAction":[{"@type":"ReadAction","target":["https:\/\/atelierduchatorange.com\/index.php\/projects\/"]}]},{"@type":"BreadcrumbList","@id":"https:\/\/atelierduchatorange.com\/index.php\/projects\/#breadcrumb","itemListElement":[{"@type":"ListItem","position":1,"name":"Home","item":"https:\/\/atelierduchatorange.com\/"},{"@type":"ListItem","position":2,"name":"R\u00e9alisations"}]},{"@type":"WebSite","@id":"https:\/\/atelierduchatorange.com\/#website","url":"https:\/\/atelierduchatorange.com\/","name":"Atelier du chat orange","description":"L&#039;Atelier du chat orange pratique le savoir-faire artisanal du peintre en d\u00e9cor. Il travaille pour des clients d\u00e9sireux que soient ex\u00e9cut\u00e9s sur mesure des ouvrages de hautes qualit\u00e9s techniques, esth\u00e9tiques et \u00e9cologiques.","publisher":{"@id":"https:\/\/atelierduchatorange.com\/#organization"},"alternateName":"Atelier de peintre en d\u00e9cor","potentialAction":[{"@type":"SearchAction","target":{"@type":"EntryPoint","urlTemplate":"https:\/\/atelierduchatorange.com\/?s={search_term_string}"},"query-input":{"@type":"PropertyValueSpecification","valueRequired":true,"valueName":"search_term_string"}}],"inLanguage":"en-US"},{"@type":"Organization","@id":"https:\/\/atelierduchatorange.com\/#organization","name":"Atelier du chat orange | Cabestan","url":"https:\/\/atelierduchatorange.com\/","logo":{"@type":"ImageObject","inLanguage":"en-US","@id":"https:\/\/atelierduchatorange.com\/#\/schema\/logo\/image\/","url":"https:\/\/atelierduchatorange.com\/wp-content\/uploads\/2025\/04\/cropped-logo.png","contentUrl":"https:\/\/atelierduchatorange.com\/wp-content\/uploads\/2025\/04\/cropped-logo.png","width":512,"height":512,"caption":"Atelier du chat orange | Cabestan"},"image":{"@id":"https:\/\/atelierduchatorange.com\/#\/schema\/logo\/image\/"},"sameAs":["https:\/\/www.facebook.com\/atelierduchatorange","http:\/\/instagram.com\/atelierduchatorange\/"]}]}},"_links":{"self":[{"href":"https:\/\/atelierduchatorange.com\/index.php\/wp-json\/wp\/v2\/pages\/11","targetHints":{"allow":["GET"]}}],"collection":[{"href":"https:\/\/atelierduchatorange.com\/index.php\/wp-json\/wp\/v2\/pages"}],"about":[{"href":"https:\/\/atelierduchatorange.com\/index.php\/wp-json\/wp\/v2\/types\/page"}],"author":[{"embeddable":true,"href":"https:\/\/atelierduchatorange.com\/index.php\/wp-json\/wp\/v2\/users\/1"}],"replies":[{"embeddable":true,"href":"https:\/\/atelierduchatorange.com\/index.php\/wp-json\/wp\/v2\/comments?post=11"}],"version-history":[{"count":5,"href":"https:\/\/atelierduchatorange.com\/index.php\/wp-json\/wp\/v2\/pages\/11\/revisions"}],"predecessor-version":[{"id":242,"href":"https:\/\/atelierduchatorange.com\/index.php\/wp-json\/wp\/v2\/pages\/11\/revisions\/242"}],"wp:attachment":[{"href":"https:\/\/atelierduchatorange.com\/index.php\/wp-json\/wp\/v2\/media?parent=11"}],"curies":[{"name":"wp","href":"https:\/\/api.w.org\/{rel}","templated":true}]}}